{"id":186,"date":"2015-01-12T08:49:19","date_gmt":"2015-01-12T07:49:19","guid":{"rendered":"http:\/\/www.liceoclassicomanzoni.gov.it\/?page_id=186"},"modified":"2017-11-17T12:54:32","modified_gmt":"2017-11-17T11:54:32","slug":"didattica-liceo-manzoni","status":"publish","type":"page","link":"https:\/\/www.liceoclassicomanzoni.edu.it\/old\/didattica-liceo-manzoni\/","title":{"rendered":"Didattica"},"content":{"rendered":"<p>Insegnare \u00e8 la funzione principale di ogni istituzione scolastica e imparare \u00e8 lo scopo principale di coloro che la frequentano in qualit\u00e0 di studenti.<br \/>\nIl <strong>Piano dell&#8217;Offerta Formativa<\/strong> (POF) \u00e8 il documento che inquadra in maniera ufficiale gli obiettivi didattici e il piano didattico di una scuola.<\/p>\n<p>Il Liceo Classico Manzoni ha elaborato un proprio <a title=\"Piano dell'Offerta Formativa del Liceo Classico Manzoni.\" href=\"https:\/\/www.liceoclassicomanzoni.edu.it\/old\/didattica-liceo-manzoni\/piano-offerta-formativa-liceo-manzoni\">Piano dell&#8217;Offerta Formativa<\/a>, che viene discusso e aggiornato ogni tre anni.<br \/>\nLa sezione &#8220;Didattica&#8221; di questo sito integra i contenuti del POF, cercando di riunire in maniera facilmente &#8220;navigabile&#8221; informazioni e spiegazioni che possono chiarire agli studenti e alle famiglie i vari\u00a0aspetti dell&#8217;insegnamento al Liceo Classico Manzoni di Milano.<br \/>\nNelle sue pagine sono riuniti tutti gli argomenti principali della vita scolastica del nostro Liceo in relazione all&#8217;insegnamento, l&#8217;apprendimento, l&#8217;organizzazione della didattica, gli strumenti e le attivit\u00e0 di supporto, la valutazione degli studenti e il rapporto scuola famiglia.<\/p>\n<p>Oltre ai corsi e alle lezioni previste dal normale piano scolastico, la didattica del Liceo Classico Manzoni si articola anche in un vasto programma di <strong>iniziative e progetti<\/strong>. Tali attivit\u00e0 non compaiono in questa sezione, ma ad esse \u00e8 dedicata una sezione a parte di questo sito, denominata &#8220;<a title=\"Iniziative e progetti del Liceo Classico Manzoni.\" href=\"https:\/\/www.liceoclassicomanzoni.edu.it\/old\/iniziative-progetti-integrativi-didattica\">Iniziative e progetti<\/a>&#8220;.<\/p>\n","protected":false},"excerpt":{"rendered":"<p>Insegnare \u00e8 la funzione principale di ogni istituzione scolastica e imparare \u00e8 lo scopo principale di coloro che la frequentano in qualit\u00e0 di studenti. Il Piano dell&#8217;Offerta Formativa (POF) \u00e8 il documento che inquadra in maniera ufficiale gli obiettivi didattici e il piano didattico di una scuola. Il Liceo Classico\u2026<\/p>\n<p> <a class=\"continue-reading-link\" href=\"https:\/\/www.liceoclassicomanzoni.edu.it\/old\/didattica-liceo-manzoni\/\"><span>Continue reading<\/span><i class=\"crycon-right-dir\"><\/i><\/a> <\/p>\n","protected":false},"author":95,"featured_media":0,"parent":0,"menu_order":4,"comment_status":"closed","ping_status":"closed","template":"","meta":{"ngg_post_thumbnail":0,"footnotes":""},"class_list":["post-186","page","type-page","status-publish","hentry"],"_links":{"self":[{"href":"https:\/\/www.liceoclassicomanzoni.edu.it\/old\/wp-json\/wp\/v2\/pages\/186","targetHints":{"allow":["GET"]}}],"collection":[{"href":"https:\/\/www.liceoclassicomanzoni.edu.it\/old\/wp-json\/wp\/v2\/pages"}],"about":[{"href":"https:\/\/www.liceoclassicomanzoni.edu.it\/old\/wp-json\/wp\/v2\/types\/page"}],"author":[{"embeddable":true,"href":"https:\/\/www.liceoclassicomanzoni.edu.it\/old\/wp-json\/wp\/v2\/users\/95"}],"replies":[{"embeddable":true,"href":"https:\/\/www.liceoclassicomanzoni.edu.it\/old\/wp-json\/wp\/v2\/comments?post=186"}],"version-history":[{"count":2,"href":"https:\/\/www.liceoclassicomanzoni.edu.it\/old\/wp-json\/wp\/v2\/pages\/186\/revisions"}],"predecessor-version":[{"id":5538,"href":"https:\/\/www.liceoclassicomanzoni.edu.it\/old\/wp-json\/wp\/v2\/pages\/186\/revisions\/5538"}],"wp:attachment":[{"href":"https:\/\/www.liceoclassicomanzoni.edu.it\/old\/wp-json\/wp\/v2\/media?parent=186"}],"curies":[{"name":"wp","href":"https:\/\/api.w.org\/{rel}","templated":true}]}}